{"id":2341,"date":"2025-04-18T14:46:04","date_gmt":"2025-04-18T14:46:04","guid":{"rendered":"https:\/\/vista-allegra.at\/location-arrival\/"},"modified":"2025-06-27T06:20:06","modified_gmt":"2025-06-27T06:20:06","slug":"location-arrival","status":"publish","type":"page","link":"https:\/\/vista-allegra.at\/en\/location-arrival\/","title":{"rendered":"Location &amp; arrival"},"content":{"rendered":"\t\t<div data-elementor-type=\"wp-page\" data-elementor-id=\"2341\" class=\"elementor elementor-2341 elementor-1832\" data-elementor-post-type=\"page\">\n\t\t\t\t<div class=\"elementor-element elementor-element-4cff35f e-con-full e-flex e-con e-parent\" data-id=\"4cff35f\" data-element_type=\"container\" data-e-type=\"container\" data-settings=\"{&quot;background_background&quot;:&quot;classic&quot;}\">\n\t\t<div class=\"elementor-element elementor-element-f565b40 e-con-full e-flex e-con e-child\" data-id=\"f565b40\" data-element_type=\"container\" data-e-type=\"container\" data-settings=\"{&quot;background_background&quot;:&quot;classic&quot;,&quot;position&quot;:&quot;absolute&quot;}\">\n\t\t<div class=\"elementor-element elementor-element-1c85ba7 e-con-full e-flex e-con e-child\" data-id=\"1c85ba7\" data-element_type=\"container\" data-e-type=\"container\">\n\t\t<div class=\"elementor-element elementor-element-cfcff6b e-con-full e-flex e-con e-child\" data-id=\"cfcff6b\" data-element_type=\"container\" data-e-type=\"container\">\n\t\t\t\t<div class=\"elementor-element elementor-element-f00b47a elementor-widget__width-inherit elementor-widget elementor-widget-heading\" data-id=\"f00b47a\" data-element_type=\"widget\" data-e-type=\"widget\" data-widget_type=\"heading.default\">\n\t\t\t\t<div class=\"elementor-widget-container\">\n\t\t\t\t\t<h1 class=\"elementor-heading-title elementor-size-default\">Your hotel in the heart of Ischgl<\/h1>\t\t\t\t<\/div>\n\t\t\t\t<\/div>\n\t\t\t\t<div class=\"elementor-element elementor-element-8da9eeb elementor-widget-mobile__width-initial elementor-widget elementor-widget-heading\" data-id=\"8da9eeb\" data-element_type=\"widget\" data-e-type=\"widget\" data-widget_type=\"heading.default\">\n\t\t\t\t<div class=\"elementor-widget-container\">\n\t\t\t\t\t<h2 class=\"elementor-heading-title elementor-size-default\">Right in the middle of the action<\/h2>\t\t\t\t<\/div>\n\t\t\t\t<\/div>\n\t\t\t\t<\/div>\n\t\t\t\t<div class=\"elementor-element elementor-element-bfc3937 elementor-widget__width-inherit elementor-widget-mobile__width-initial elementor-widget elementor-widget-text-editor\" data-id=\"bfc3937\" data-element_type=\"widget\" data-e-type=\"widget\" data-widget_type=\"text-editor.default\">\n\t\t\t\t<div class=\"elementor-widget-container\">\n\t\t\t\t\t\t\t\t\t<p>The Hotel Vista Allegra is located in the <strong>heart of Ischgl.<\/strong> Whether you\u2019re planning a day on the slopes, browsing chic boutiques, or unwinding with apr\u00e8s-ski delights, everything is just a <strong>few steps from your door<\/strong>.<\/p>\t\t\t\t\t\t\t\t<\/div>\n\t\t\t\t<\/div>\n\t\t\t\t<\/div>\n\t\t\t\t<\/div>\n\t\t\t\t<div class=\"elementor-element elementor-element-8c1df01 elementor-widget__width-inherit elementor-widget-mobile_extra__width-initial elementor-widget elementor-widget-image\" data-id=\"8c1df01\" data-element_type=\"widget\" data-e-type=\"widget\" data-widget_type=\"image.default\">\n\t\t\t\t<div class=\"elementor-widget-container\">\n\t\t\t\t\t\t\t\t\t\t\t\t\t\t\t<img fetchpriority=\"high\" decoding=\"async\" width=\"2560\" height=\"1707\" src=\"https:\/\/vista-allegra.at\/wp-content\/uploads\/2025\/04\/ZHF_1020-Enhanced-NR-scaled.webp\" class=\"attachment-full size-full wp-image-2298\" alt=\"Eine Ansammlung warm beleuchteter Alpengeb\u00e4ude in der Abendd\u00e4mmerung pr\u00e4sentiert die ideale Lage und Anreise.\" srcset=\"https:\/\/vista-allegra.at\/wp-content\/uploads\/2025\/04\/ZHF_1020-Enhanced-NR-scaled.webp 2560w, https:\/\/vista-allegra.at\/wp-content\/uploads\/2025\/04\/ZHF_1020-Enhanced-NR-300x200.webp 300w, https:\/\/vista-allegra.at\/wp-content\/uploads\/2025\/04\/ZHF_1020-Enhanced-NR-1024x683.webp 1024w, https:\/\/vista-allegra.at\/wp-content\/uploads\/2025\/04\/ZHF_1020-Enhanced-NR-768x512.webp 768w, https:\/\/vista-allegra.at\/wp-content\/uploads\/2025\/04\/ZHF_1020-Enhanced-NR-1536x1024.webp 1536w, https:\/\/vista-allegra.at\/wp-content\/uploads\/2025\/04\/ZHF_1020-Enhanced-NR-2048x1366.webp 2048w\" sizes=\"(max-width: 2560px) 100vw, 2560px\" \/>\t\t\t\t\t\t\t\t\t\t\t\t\t\t\t<\/div>\n\t\t\t\t<\/div>\n\t\t\t\t<\/div>\n\t\t<div class=\"elementor-element elementor-element-04e08f1 e-flex e-con-boxed e-con e-parent\" data-id=\"04e08f1\" data-element_type=\"container\" data-e-type=\"container\" data-settings=\"{&quot;background_background&quot;:&quot;classic&quot;}\">\n\t\t\t\t\t<div class=\"e-con-inner\">\n\t\t\t\t<div class=\"elementor-element elementor-element-1b282586 elementor-widget__width-inherit elementor-absolute elementor-widget elementor-widget-menu-anchor\" data-id=\"1b282586\" data-element_type=\"widget\" data-e-type=\"widget\" data-settings=\"{&quot;_position&quot;:&quot;absolute&quot;}\" data-widget_type=\"menu-anchor.default\">\n\t\t\t\t<div class=\"elementor-widget-container\">\n\t\t\t\t\t\t\t<div class=\"elementor-menu-anchor\" id=\"servicesincluded\"><\/div>\n\t\t\t\t\t\t<\/div>\n\t\t\t\t<\/div>\n\t\t<div class=\"elementor-element elementor-element-32864997 e-con-full e-flex e-con e-child\" data-id=\"32864997\" data-element_type=\"container\" data-e-type=\"container\" data-settings=\"{&quot;motion_fx_motion_fx_scrolling&quot;:&quot;yes&quot;,&quot;motion_fx_opacity_effect&quot;:&quot;yes&quot;,&quot;motion_fx_opacity_direction&quot;:&quot;out-in-out&quot;,&quot;motion_fx_opacity_level&quot;:{&quot;unit&quot;:&quot;px&quot;,&quot;size&quot;:6,&quot;sizes&quot;:[]},&quot;motion_fx_opacity_range&quot;:{&quot;unit&quot;:&quot;%&quot;,&quot;size&quot;:&quot;&quot;,&quot;sizes&quot;:{&quot;start&quot;:43,&quot;end&quot;:73}},&quot;motion_fx_range&quot;:&quot;viewport&quot;,&quot;motion_fx_devices&quot;:[&quot;desktop&quot;,&quot;laptop&quot;,&quot;tablet_extra&quot;,&quot;tablet&quot;,&quot;mobile_extra&quot;,&quot;mobile&quot;]}\">\n\t\t<div class=\"elementor-element elementor-element-59f61ef8 e-con-full e-flex e-con e-child\" data-id=\"59f61ef8\" data-element_type=\"container\" data-e-type=\"container\">\n\t\t\t\t<div class=\"elementor-element elementor-element-2df4790a elementor-widget__width-inherit elementor-widget elementor-widget-heading\" data-id=\"2df4790a\" data-element_type=\"widget\" data-e-type=\"widget\" data-widget_type=\"heading.default\">\n\t\t\t\t<div class=\"elementor-widget-container\">\n\t\t\t\t\t<h2 class=\"elementor-heading-title elementor-size-default\">Top location<\/h2>\t\t\t\t<\/div>\n\t\t\t\t<\/div>\n\t\t\t\t<div class=\"elementor-element elementor-element-2cd1706b elementor-widget elementor-widget-heading\" data-id=\"2cd1706b\" data-element_type=\"widget\" data-e-type=\"widget\" data-widget_type=\"heading.default\">\n\t\t\t\t<div class=\"elementor-widget-container\">\n\t\t\t\t\t<h3 class=\"elementor-heading-title elementor-size-default\">in the center of Ischgl<\/h3>\t\t\t\t<\/div>\n\t\t\t\t<\/div>\n\t\t\t\t<\/div>\n\t\t<div class=\"elementor-element elementor-element-0698bcb e-con-full e-flex e-con e-child\" data-id=\"0698bcb\" data-element_type=\"container\" data-e-type=\"container\">\n\t\t\t\t<div class=\"elementor-element elementor-element-4786df0 elementor-widget elementor-widget-text-editor\" data-id=\"4786df0\" data-element_type=\"widget\" data-e-type=\"widget\" data-widget_type=\"text-editor.default\">\n\t\t\t\t<div class=\"elementor-widget-container\">\n\t\t\t\t\t\t\t\t\t<p>Start your day right outside your front door:<\/p>\t\t\t\t\t\t\t\t<\/div>\n\t\t\t\t<\/div>\n\t\t\t\t<div class=\"elementor-element elementor-element-60464768 elementor-tablet-align-start elementor-icon-list--layout-traditional elementor-list-item-link-full_width elementor-widget elementor-widget-icon-list\" data-id=\"60464768\" data-element_type=\"widget\" data-e-type=\"widget\" data-widget_type=\"icon-list.default\">\n\t\t\t\t<div class=\"elementor-widget-container\">\n\t\t\t\t\t\t\t<ul class=\"elementor-icon-list-items\">\n\t\t\t\t\t\t\t<li class=\"elementor-icon-list-item\">\n\t\t\t\t\t\t\t\t\t\t\t<span class=\"elementor-icon-list-icon\">\n\t\t\t\t\t\t\t<svg xmlns=\"http:\/\/www.w3.org\/2000\/svg\" id=\"Ebene_2\" viewBox=\"0 0 300 119.2\"><defs><style>      .st0 {        fill: #d8bb82;      }    <\/style><\/defs><g id=\"Ebene_1-2\"><g><path class=\"st0\" d=\"M119,119.2L189.4,0h16c.8,0,5.5.9,9.3,3,2.2,1.2,4.5,3.3,4.7,3.6,1.1,1.2,2.1,1.8,5.5,7.6l4.2,7.2,50.8,85.7c1.1,1.9,2.4,3.7,4,5.3.5.5.9,1,1.3,1.2,1.2.9,3.9,2.8,5.7,3.6s4.2,1.4,5.8,1.7,3.4.4,3.4.4h-27c-2.7,0-4.8-.5-7.5-1.3-2.8-.8-6.5-2.9-9.1-5.8-2.6-3-5.6-8.1-5.6-8.1l-47.9-81.1-56.9,96.3h-27Z\"><\/path><path class=\"st0\" d=\"M0,0h26.3c4.1,0,8.2.8,11.9,2.7,3.2,1.7,6.5,4.2,8.5,8.2,4.7,9.1,13.9,23.6,13.9,23.6l36.3,61.2L153.5,0h27.6l-70.5,119.2h-13.8c-1,0-8.6,0-15.2-5.7-1.3-1.1-3.4-3.5-6.2-8.3l-33.2-56.3-18-30.2-5.5-9.1C12.4.3,0,0,0,0Z\"><\/path><\/g><\/g><\/svg>\t\t\t\t\t\t<\/span>\n\t\t\t\t\t\t\t\t\t\t<span class=\"elementor-icon-list-text\">the Pardatschgratbahn cable car is just a five-minute walk away \u2013 placing the entrance to the ski area practically on your doorstep.<\/span>\n\t\t\t\t\t\t\t\t\t<\/li>\n\t\t\t\t\t\t\t\t<li class=\"elementor-icon-list-item\">\n\t\t\t\t\t\t\t\t\t\t\t<span class=\"elementor-icon-list-icon\">\n\t\t\t\t\t\t\t<svg xmlns=\"http:\/\/www.w3.org\/2000\/svg\" id=\"Ebene_2\" viewBox=\"0 0 300 119.2\"><defs><style>      .st0 {        fill: #d8bb82;      }    <\/style><\/defs><g id=\"Ebene_1-2\"><g><path class=\"st0\" d=\"M119,119.2L189.4,0h16c.8,0,5.5.9,9.3,3,2.2,1.2,4.5,3.3,4.7,3.6,1.1,1.2,2.1,1.8,5.5,7.6l4.2,7.2,50.8,85.7c1.1,1.9,2.4,3.7,4,5.3.5.5.9,1,1.3,1.2,1.2.9,3.9,2.8,5.7,3.6s4.2,1.4,5.8,1.7,3.4.4,3.4.4h-27c-2.7,0-4.8-.5-7.5-1.3-2.8-.8-6.5-2.9-9.1-5.8-2.6-3-5.6-8.1-5.6-8.1l-47.9-81.1-56.9,96.3h-27Z\"><\/path><path class=\"st0\" d=\"M0,0h26.3c4.1,0,8.2.8,11.9,2.7,3.2,1.7,6.5,4.2,8.5,8.2,4.7,9.1,13.9,23.6,13.9,23.6l36.3,61.2L153.5,0h27.6l-70.5,119.2h-13.8c-1,0-8.6,0-15.2-5.7-1.3-1.1-3.4-3.5-6.2-8.3l-33.2-56.3-18-30.2-5.5-9.1C12.4.3,0,0,0,0Z\"><\/path><\/g><\/g><\/svg>\t\t\t\t\t\t<\/span>\n\t\t\t\t\t\t\t\t\t\t<span class=\"elementor-icon-list-text\">Shops, sports stores and rental stations are all just a short stroll away. <\/span>\n\t\t\t\t\t\t\t\t\t<\/li>\n\t\t\t\t\t\t\t\t<li class=\"elementor-icon-list-item\">\n\t\t\t\t\t\t\t\t\t\t\t<span class=\"elementor-icon-list-icon\">\n\t\t\t\t\t\t\t<svg xmlns=\"http:\/\/www.w3.org\/2000\/svg\" id=\"Ebene_2\" viewBox=\"0 0 300 119.2\"><defs><style>      .st0 {        fill: #d8bb82;      }    <\/style><\/defs><g id=\"Ebene_1-2\"><g><path class=\"st0\" d=\"M119,119.2L189.4,0h16c.8,0,5.5.9,9.3,3,2.2,1.2,4.5,3.3,4.7,3.6,1.1,1.2,2.1,1.8,5.5,7.6l4.2,7.2,50.8,85.7c1.1,1.9,2.4,3.7,4,5.3.5.5.9,1,1.3,1.2,1.2.9,3.9,2.8,5.7,3.6s4.2,1.4,5.8,1.7,3.4.4,3.4.4h-27c-2.7,0-4.8-.5-7.5-1.3-2.8-.8-6.5-2.9-9.1-5.8-2.6-3-5.6-8.1-5.6-8.1l-47.9-81.1-56.9,96.3h-27Z\"><\/path><path class=\"st0\" d=\"M0,0h26.3c4.1,0,8.2.8,11.9,2.7,3.2,1.7,6.5,4.2,8.5,8.2,4.7,9.1,13.9,23.6,13.9,23.6l36.3,61.2L153.5,0h27.6l-70.5,119.2h-13.8c-1,0-8.6,0-15.2-5.7-1.3-1.1-3.4-3.5-6.2-8.3l-33.2-56.3-18-30.2-5.5-9.1C12.4.3,0,0,0,0Z\"><\/path><\/g><\/g><\/svg>\t\t\t\t\t\t<\/span>\n\t\t\t\t\t\t\t\t\t\t<span class=\"elementor-icon-list-text\">If you\u2019re eager to dive into Ischgl\u2019s legendary nightlife, you won\u2019t have to go far \u2013 bars, clubs and restaurants are all just moments away, placing you right at the heart of the action.<\/span>\n\t\t\t\t\t\t\t\t\t<\/li>\n\t\t\t\t\t\t<\/ul>\n\t\t\t\t\t\t<\/div>\n\t\t\t\t<\/div>\n\t\t\t\t<div class=\"elementor-element elementor-element-0d8286f elementor-widget elementor-widget-text-editor\" data-id=\"0d8286f\" data-element_type=\"widget\" data-e-type=\"widget\" data-widget_type=\"text-editor.default\">\n\t\t\t\t<div class=\"elementor-widget-container\">\n\t\t\t\t\t\t\t\t\t<p>Despite its central location, Vista Allegra offers a haven of tranquillity \u2013 where soothing peace and alpine serenity await.<\/p>\t\t\t\t\t\t\t\t<\/div>\n\t\t\t\t<\/div>\n\t\t\t\t<\/div>\n\t\t\t\t<\/div>\n\t\t<div class=\"elementor-element elementor-element-75239451 e-con-full e-flex e-con e-child\" data-id=\"75239451\" data-element_type=\"container\" data-e-type=\"container\">\n\t\t\t\t<div class=\"elementor-element elementor-element-72bf5908 elementor-widget elementor-widget-image\" data-id=\"72bf5908\" data-element_type=\"widget\" data-e-type=\"widget\" data-settings=\"{&quot;motion_fx_motion_fx_scrolling&quot;:&quot;yes&quot;,&quot;motion_fx_translateY_effect&quot;:&quot;yes&quot;,&quot;motion_fx_translateY_speed&quot;:{&quot;unit&quot;:&quot;px&quot;,&quot;size&quot;:0.5,&quot;sizes&quot;:[]},&quot;motion_fx_translateY_affectedRange&quot;:{&quot;unit&quot;:&quot;%&quot;,&quot;size&quot;:&quot;&quot;,&quot;sizes&quot;:{&quot;start&quot;:0,&quot;end&quot;:100}},&quot;motion_fx_devices&quot;:[&quot;desktop&quot;,&quot;laptop&quot;,&quot;tablet_extra&quot;,&quot;tablet&quot;,&quot;mobile_extra&quot;,&quot;mobile&quot;]}\" data-widget_type=\"image.default\">\n\t\t\t\t<div class=\"elementor-widget-container\">\n\t\t\t\t\t\t\t\t\t\t\t\t\t\t\t<img decoding=\"async\" width=\"1960\" height=\"2545\" src=\"https:\/\/vista-allegra.at\/wp-content\/uploads\/2025\/04\/IMG_20241119_190656.webp\" class=\"attachment-full size-full wp-image-2299\" alt=\"Ein Bergdorf in der Abendd\u00e4mmerung mit beleuchteten Geb\u00e4uden, einem Kirchturm, schneebedeckten Gipfeln, Lage &amp; Anreise.\" srcset=\"https:\/\/vista-allegra.at\/wp-content\/uploads\/2025\/04\/IMG_20241119_190656.webp 1960w, https:\/\/vista-allegra.at\/wp-content\/uploads\/2025\/04\/IMG_20241119_190656-231x300.webp 231w, https:\/\/vista-allegra.at\/wp-content\/uploads\/2025\/04\/IMG_20241119_190656-789x1024.webp 789w, https:\/\/vista-allegra.at\/wp-content\/uploads\/2025\/04\/IMG_20241119_190656-768x997.webp 768w, https:\/\/vista-allegra.at\/wp-content\/uploads\/2025\/04\/IMG_20241119_190656-1183x1536.webp 1183w, https:\/\/vista-allegra.at\/wp-content\/uploads\/2025\/04\/IMG_20241119_190656-1577x2048.webp 1577w\" sizes=\"(max-width: 1960px) 100vw, 1960px\" \/>\t\t\t\t\t\t\t\t\t\t\t\t\t\t\t<\/div>\n\t\t\t\t<\/div>\n\t\t\t\t<\/div>\n\t\t\t\t\t<\/div>\n\t\t\t\t<\/div>\n\t\t<div class=\"elementor-element elementor-element-d9737f2 e-flex e-con-boxed e-con e-parent\" data-id=\"d9737f2\" data-element_type=\"container\" data-e-type=\"container\">\n\t\t\t\t\t<div class=\"e-con-inner\">\n\t\t<div class=\"elementor-element elementor-element-896f514 e-con-full e-flex e-con e-child\" data-id=\"896f514\" data-element_type=\"container\" data-e-type=\"container\">\n\t\t\t\t<div class=\"elementor-element elementor-element-b9e8628 elementor-widget elementor-widget-heading\" data-id=\"b9e8628\" data-element_type=\"widget\" data-e-type=\"widget\" data-widget_type=\"heading.default\">\n\t\t\t\t<div class=\"elementor-widget-container\">\n\t\t\t\t\t<h2 class=\"elementor-heading-title elementor-size-default\">Where we are<\/h2>\t\t\t\t<\/div>\n\t\t\t\t<\/div>\n\t\t\t\t<\/div>\n\t\t\t\t<div class=\"elementor-element elementor-element-2d01173 elementor-widget elementor-widget-text-editor\" data-id=\"2d01173\" data-element_type=\"widget\" data-e-type=\"widget\" data-widget_type=\"text-editor.default\">\n\t\t\t\t<div class=\"elementor-widget-container\">\n\t\t\t\t\t\t\t\t\t<p>Hotel Vista Allegra<br \/>Dorfstra\u00dfe 76<br \/>6561 Ischgl<\/p>\t\t\t\t\t\t\t\t<\/div>\n\t\t\t\t<\/div>\n\t\t\t\t<div class=\"elementor-element elementor-element-0ebb8e6 elementor-widget elementor-widget-osm-map-elementor\" data-id=\"0ebb8e6\" data-element_type=\"widget\" data-e-type=\"widget\" data-widget_type=\"osm-map-elementor.default\">\n\t\t\t\t<div class=\"elementor-widget-container\">\n\t\t\t\t\t<div id=\"osm-map-0ebb8e6\" \n        class=\"osm-map-container\" \n        data-center=\"47.01424,10.293857\"><\/div>        <script type=\"text\/javascript\">\n                    <\/script>\n        \t\t\t\t<\/div>\n\t\t\t\t<\/div>\n\t\t\t\t\t<\/div>\n\t\t\t\t<\/div>\n\t\t\t\t<\/div>\n\t\t","protected":false},"excerpt":{"rendered":"<p>Your hotel in the heart of Ischgl Right in the middle of the action The Hotel Vista Allegra is located in the heart of Ischgl. Whether you\u2019re planning a day on the slopes, browsing chic boutiques, or unwinding with apr\u00e8s-ski delights, everything is just a few steps from your door. Top location in the center [&hellip;]<\/p>\n","protected":false},"author":1,"featured_media":0,"parent":0,"menu_order":10,"comment_status":"closed","ping_status":"closed","template":"","meta":{"footnotes":""},"class_list":["post-2341","page","type-page","status-publish","hentry"],"yoast_head":"<!-- This site is optimized with the Yoast SEO plugin v27.4 - https:\/\/yoast.com\/product\/yoast-seo-wordpress\/ -->\n<title>Location &amp; arrival at Hotel Vista Allegra | Perfect location in Ischgl<\/title>\n<meta name=\"description\" content=\"\u2714\ufe0f Location &amp; arrival \u2714\ufe0f Hotel Vista Allegra \u2714\ufe0f In the heart of Ischgl \u2714\ufe0f Perfect location \u2714\ufe0f Winter holiday \u2714\ufe0f Best rate guaranteed when you book direct\" \/>\n<meta name=\"robots\" content=\"index, follow, max-snippet:-1, max-image-preview:large, max-video-preview:-1\" \/>\n<link rel=\"canonical\" href=\"https:\/\/vista-allegra.at\/en\/location-arrival\/\" \/>\n<meta property=\"og:locale\" content=\"en_US\" \/>\n<meta property=\"og:type\" content=\"article\" \/>\n<meta property=\"og:title\" content=\"Location &amp; arrival at Hotel Vista Allegra | Perfect location in Ischgl\" \/>\n<meta property=\"og:description\" content=\"\u2714\ufe0f Location &amp; arrival \u2714\ufe0f Hotel Vista Allegra \u2714\ufe0f In the heart of Ischgl \u2714\ufe0f Perfect location \u2714\ufe0f Winter holiday \u2714\ufe0f Best rate guaranteed when you book direct\" \/>\n<meta property=\"og:url\" content=\"https:\/\/vista-allegra.at\/en\/location-arrival\/\" \/>\n<meta property=\"og:site_name\" content=\"Hotel Vista Allegra\" \/>\n<meta property=\"article:modified_time\" content=\"2025-06-27T06:20:06+00:00\" \/>\n<meta property=\"og:image\" content=\"https:\/\/vista-allegra.at\/wp-content\/uploads\/2025\/04\/ZHF_1020-Enhanced-NR-scaled.webp\" \/>\n<meta name=\"twitter:card\" content=\"summary_large_image\" \/>\n<meta name=\"twitter:label1\" content=\"Est. reading time\" \/>\n\t<meta name=\"twitter:data1\" content=\"1 minute\" \/>\n<script type=\"application\/ld+json\" class=\"yoast-schema-graph\">{\"@context\":\"https:\\\/\\\/schema.org\",\"@graph\":[{\"@type\":\"WebPage\",\"@id\":\"https:\\\/\\\/vista-allegra.at\\\/en\\\/location-arrival\\\/\",\"url\":\"https:\\\/\\\/vista-allegra.at\\\/en\\\/location-arrival\\\/\",\"name\":\"Location & arrival at Hotel Vista Allegra | Perfect location in Ischgl\",\"isPartOf\":{\"@id\":\"https:\\\/\\\/vista-allegra.at\\\/en\\\/#website\"},\"primaryImageOfPage\":{\"@id\":\"https:\\\/\\\/vista-allegra.at\\\/en\\\/location-arrival\\\/#primaryimage\"},\"image\":{\"@id\":\"https:\\\/\\\/vista-allegra.at\\\/en\\\/location-arrival\\\/#primaryimage\"},\"thumbnailUrl\":\"https:\\\/\\\/vista-allegra.at\\\/wp-content\\\/uploads\\\/2025\\\/04\\\/ZHF_1020-Enhanced-NR-scaled.webp\",\"datePublished\":\"2025-04-18T14:46:04+00:00\",\"dateModified\":\"2025-06-27T06:20:06+00:00\",\"description\":\"\u2714\ufe0f Location & arrival \u2714\ufe0f Hotel Vista Allegra \u2714\ufe0f In the heart of Ischgl \u2714\ufe0f Perfect location \u2714\ufe0f Winter holiday \u2714\ufe0f Best rate guaranteed when you book direct\",\"breadcrumb\":{\"@id\":\"https:\\\/\\\/vista-allegra.at\\\/en\\\/location-arrival\\\/#breadcrumb\"},\"inLanguage\":\"en-US\",\"potentialAction\":[{\"@type\":\"ReadAction\",\"target\":[\"https:\\\/\\\/vista-allegra.at\\\/en\\\/location-arrival\\\/\"]}]},{\"@type\":\"ImageObject\",\"inLanguage\":\"en-US\",\"@id\":\"https:\\\/\\\/vista-allegra.at\\\/en\\\/location-arrival\\\/#primaryimage\",\"url\":\"https:\\\/\\\/vista-allegra.at\\\/wp-content\\\/uploads\\\/2025\\\/04\\\/ZHF_1020-Enhanced-NR-scaled.webp\",\"contentUrl\":\"https:\\\/\\\/vista-allegra.at\\\/wp-content\\\/uploads\\\/2025\\\/04\\\/ZHF_1020-Enhanced-NR-scaled.webp\"},{\"@type\":\"BreadcrumbList\",\"@id\":\"https:\\\/\\\/vista-allegra.at\\\/en\\\/location-arrival\\\/#breadcrumb\",\"itemListElement\":[{\"@type\":\"ListItem\",\"position\":1,\"name\":\"Startseite\",\"item\":\"https:\\\/\\\/vista-allegra.at\\\/en\\\/\"},{\"@type\":\"ListItem\",\"position\":2,\"name\":\"Location &amp; arrival\"}]},{\"@type\":\"WebSite\",\"@id\":\"https:\\\/\\\/vista-allegra.at\\\/en\\\/#website\",\"url\":\"https:\\\/\\\/vista-allegra.at\\\/en\\\/\",\"name\":\"Hotel Vista Allegra\",\"description\":\"Gourmethotel in Ischgl\",\"publisher\":{\"@id\":\"https:\\\/\\\/vista-allegra.at\\\/en\\\/#organization\"},\"potentialAction\":[{\"@type\":\"SearchAction\",\"target\":{\"@type\":\"EntryPoint\",\"urlTemplate\":\"https:\\\/\\\/vista-allegra.at\\\/en\\\/?s={search_term_string}\"},\"query-input\":{\"@type\":\"PropertyValueSpecification\",\"valueRequired\":true,\"valueName\":\"search_term_string\"}}],\"inLanguage\":\"en-US\"},{\"@type\":\"Organization\",\"@id\":\"https:\\\/\\\/vista-allegra.at\\\/en\\\/#organization\",\"name\":\"Hotel Vista Allegra\",\"url\":\"https:\\\/\\\/vista-allegra.at\\\/en\\\/\",\"logo\":{\"@type\":\"ImageObject\",\"inLanguage\":\"en-US\",\"@id\":\"https:\\\/\\\/vista-allegra.at\\\/en\\\/#\\\/schema\\\/logo\\\/image\\\/\",\"url\":\"https:\\\/\\\/vista-allegra.at\\\/wp-content\\\/uploads\\\/2024\\\/10\\\/2025_Vista-Allegra_Logo_mit-Sterne_4c-dunkel.svg\",\"contentUrl\":\"https:\\\/\\\/vista-allegra.at\\\/wp-content\\\/uploads\\\/2024\\\/10\\\/2025_Vista-Allegra_Logo_mit-Sterne_4c-dunkel.svg\",\"width\":299,\"height\":162,\"caption\":\"Hotel Vista Allegra\"},\"image\":{\"@id\":\"https:\\\/\\\/vista-allegra.at\\\/en\\\/#\\\/schema\\\/logo\\\/image\\\/\"}}]}<\/script>\n<!-- \/ Yoast SEO plugin. -->","yoast_head_json":{"title":"Location & arrival at Hotel Vista Allegra | Perfect location in Ischgl","description":"\u2714\ufe0f Location & arrival \u2714\ufe0f Hotel Vista Allegra \u2714\ufe0f In the heart of Ischgl \u2714\ufe0f Perfect location \u2714\ufe0f Winter holiday \u2714\ufe0f Best rate guaranteed when you book direct","robots":{"index":"index","follow":"follow","max-snippet":"max-snippet:-1","max-image-preview":"max-image-preview:large","max-video-preview":"max-video-preview:-1"},"canonical":"https:\/\/vista-allegra.at\/en\/location-arrival\/","og_locale":"en_US","og_type":"article","og_title":"Location & arrival at Hotel Vista Allegra | Perfect location in Ischgl","og_description":"\u2714\ufe0f Location & arrival \u2714\ufe0f Hotel Vista Allegra \u2714\ufe0f In the heart of Ischgl \u2714\ufe0f Perfect location \u2714\ufe0f Winter holiday \u2714\ufe0f Best rate guaranteed when you book direct","og_url":"https:\/\/vista-allegra.at\/en\/location-arrival\/","og_site_name":"Hotel Vista Allegra","article_modified_time":"2025-06-27T06:20:06+00:00","og_image":[{"url":"https:\/\/vista-allegra.at\/wp-content\/uploads\/2025\/04\/ZHF_1020-Enhanced-NR-scaled.webp","type":"","width":"","height":""}],"twitter_card":"summary_large_image","twitter_misc":{"Est. reading time":"1 minute"},"schema":{"@context":"https:\/\/schema.org","@graph":[{"@type":"WebPage","@id":"https:\/\/vista-allegra.at\/en\/location-arrival\/","url":"https:\/\/vista-allegra.at\/en\/location-arrival\/","name":"Location & arrival at Hotel Vista Allegra | Perfect location in Ischgl","isPartOf":{"@id":"https:\/\/vista-allegra.at\/en\/#website"},"primaryImageOfPage":{"@id":"https:\/\/vista-allegra.at\/en\/location-arrival\/#primaryimage"},"image":{"@id":"https:\/\/vista-allegra.at\/en\/location-arrival\/#primaryimage"},"thumbnailUrl":"https:\/\/vista-allegra.at\/wp-content\/uploads\/2025\/04\/ZHF_1020-Enhanced-NR-scaled.webp","datePublished":"2025-04-18T14:46:04+00:00","dateModified":"2025-06-27T06:20:06+00:00","description":"\u2714\ufe0f Location & arrival \u2714\ufe0f Hotel Vista Allegra \u2714\ufe0f In the heart of Ischgl \u2714\ufe0f Perfect location \u2714\ufe0f Winter holiday \u2714\ufe0f Best rate guaranteed when you book direct","breadcrumb":{"@id":"https:\/\/vista-allegra.at\/en\/location-arrival\/#breadcrumb"},"inLanguage":"en-US","potentialAction":[{"@type":"ReadAction","target":["https:\/\/vista-allegra.at\/en\/location-arrival\/"]}]},{"@type":"ImageObject","inLanguage":"en-US","@id":"https:\/\/vista-allegra.at\/en\/location-arrival\/#primaryimage","url":"https:\/\/vista-allegra.at\/wp-content\/uploads\/2025\/04\/ZHF_1020-Enhanced-NR-scaled.webp","contentUrl":"https:\/\/vista-allegra.at\/wp-content\/uploads\/2025\/04\/ZHF_1020-Enhanced-NR-scaled.webp"},{"@type":"BreadcrumbList","@id":"https:\/\/vista-allegra.at\/en\/location-arrival\/#breadcrumb","itemListElement":[{"@type":"ListItem","position":1,"name":"Startseite","item":"https:\/\/vista-allegra.at\/en\/"},{"@type":"ListItem","position":2,"name":"Location &amp; arrival"}]},{"@type":"WebSite","@id":"https:\/\/vista-allegra.at\/en\/#website","url":"https:\/\/vista-allegra.at\/en\/","name":"Hotel Vista Allegra","description":"Gourmethotel in Ischgl","publisher":{"@id":"https:\/\/vista-allegra.at\/en\/#organization"},"potentialAction":[{"@type":"SearchAction","target":{"@type":"EntryPoint","urlTemplate":"https:\/\/vista-allegra.at\/en\/?s={search_term_string}"},"query-input":{"@type":"PropertyValueSpecification","valueRequired":true,"valueName":"search_term_string"}}],"inLanguage":"en-US"},{"@type":"Organization","@id":"https:\/\/vista-allegra.at\/en\/#organization","name":"Hotel Vista Allegra","url":"https:\/\/vista-allegra.at\/en\/","logo":{"@type":"ImageObject","inLanguage":"en-US","@id":"https:\/\/vista-allegra.at\/en\/#\/schema\/logo\/image\/","url":"https:\/\/vista-allegra.at\/wp-content\/uploads\/2024\/10\/2025_Vista-Allegra_Logo_mit-Sterne_4c-dunkel.svg","contentUrl":"https:\/\/vista-allegra.at\/wp-content\/uploads\/2024\/10\/2025_Vista-Allegra_Logo_mit-Sterne_4c-dunkel.svg","width":299,"height":162,"caption":"Hotel Vista Allegra"},"image":{"@id":"https:\/\/vista-allegra.at\/en\/#\/schema\/logo\/image\/"}}]}},"_links":{"self":[{"href":"https:\/\/vista-allegra.at\/en\/wp-json\/wp\/v2\/pages\/2341","targetHints":{"allow":["GET"]}}],"collection":[{"href":"https:\/\/vista-allegra.at\/en\/wp-json\/wp\/v2\/pages"}],"about":[{"href":"https:\/\/vista-allegra.at\/en\/wp-json\/wp\/v2\/types\/page"}],"author":[{"embeddable":true,"href":"https:\/\/vista-allegra.at\/en\/wp-json\/wp\/v2\/users\/1"}],"replies":[{"embeddable":true,"href":"https:\/\/vista-allegra.at\/en\/wp-json\/wp\/v2\/comments?post=2341"}],"version-history":[{"count":5,"href":"https:\/\/vista-allegra.at\/en\/wp-json\/wp\/v2\/pages\/2341\/revisions"}],"predecessor-version":[{"id":2428,"href":"https:\/\/vista-allegra.at\/en\/wp-json\/wp\/v2\/pages\/2341\/revisions\/2428"}],"wp:attachment":[{"href":"https:\/\/vista-allegra.at\/en\/wp-json\/wp\/v2\/media?parent=2341"}],"curies":[{"name":"wp","href":"https:\/\/api.w.org\/{rel}","templated":true}]}}